{"id":1221,"date":"2020-03-13T16:40:58","date_gmt":"2020-03-13T15:40:58","guid":{"rendered":"https:\/\/webweb.ltett.lu\/?page_id=1221"},"modified":"2021-02-19T16:49:38","modified_gmt":"2021-02-19T15:49:38","slug":"ancien-an-oder-frend-vum-ltett","status":"publish","type":"page","link":"https:\/\/www.ltett.lu\/ancien-an-oder-frend-vum-ltett\/","title":{"rendered":"Ancien an\/oder Fr\u00ebnd vum LTEtt"},"content":{"rendered":"\t\t<div data-elementor-type=\"wp-page\" data-elementor-id=\"1221\" class=\"elementor elementor-1221\" data-elementor-post-type=\"page\">\n\t\t\t\t\t\t<section class=\"elementor-section elementor-top-section elementor-element elementor-element-4edf36b elementor-section-boxed elementor-section-height-default elementor-section-height-default\" data-id=\"4edf36b\" data-element_type=\"section\" data-e-type=\"section\">\n\t\t\t\t\t\t<div class=\"elementor-container elementor-column-gap-default\">\n\t\t\t\t\t<div class=\"elementor-column elementor-col-100 elementor-top-column elementor-element elementor-element-7d3a87a\" data-id=\"7d3a87a\" data-element_type=\"column\" data-e-type=\"column\">\n\t\t\t<div class=\"elementor-widget-wrap elementor-element-populated\">\n\t\t\t\t\t\t<div class=\"elementor-element elementor-element-caa7e20 elementor-widget elementor-widget-heading\" data-id=\"caa7e20\" data-element_type=\"widget\" data-e-type=\"widget\" data-widget_type=\"heading.default\">\n\t\t\t\t<div class=\"elementor-widget-container\">\n\t\t\t\t\t<h4 class=\"elementor-heading-title elementor-size-default\">Ancien an\/oder Fr\u00ebnd vum LTEtt<\/h4>\t\t\t\t<\/div>\n\t\t\t\t<\/div>\n\t\t\t\t\t<\/div>\n\t\t<\/div>\n\t\t\t\t\t<\/div>\n\t\t<\/section>\n\t\t\t\t<section class=\"elementor-section elementor-top-section elementor-element elementor-element-e3b0bfe elementor-section-boxed elementor-section-height-default elementor-section-height-default\" data-id=\"e3b0bfe\" data-element_type=\"section\" data-e-type=\"section\">\n\t\t\t\t\t\t<div class=\"elementor-container elementor-column-gap-default\">\n\t\t\t\t\t<div class=\"elementor-column elementor-col-33 elementor-top-column elementor-element elementor-element-100df80\" data-id=\"100df80\" data-element_type=\"column\" data-e-type=\"column\">\n\t\t\t<div class=\"elementor-widget-wrap elementor-element-populated\">\n\t\t\t\t\t\t<div class=\"elementor-element elementor-element-16477ae elementor-widget elementor-widget-text-editor\" data-id=\"16477ae\" data-element_type=\"widget\" data-e-type=\"widget\" data-widget_type=\"text-editor.default\">\n\t\t\t\t<div class=\"elementor-widget-container\">\n\t\t\t\t\t\t\t\t\t<p>50 Joer Infrastrukturen an der Salentiny-Avenue &#8211; 50 Joer CEMPE &#8211; 40 Joer Ettelbr\u00e9cker Lyc\u00e9e Technique. Dat war am Joer 2019\/2020 e grousse Moment, deen sollt gefeiert ginn. Den Optakt war eng grouss S\u00e9ance acad\u00e9mique an duerno koum de Lock-Down.<\/p><p>Mee mir vergiessen Iech alleguer net! Mir sinn op der Sich no de Fr\u00ebnn an den Ancien\u00eb vun eiser Schoul.<\/p><p>Dir fannt hei \u00ebnnendr\u00ebnner e Formul\u00e4r, fir Iech an eis L\u00ebscht anzeschreiwen. Sollt d\u00ebsen n\u00ebt automatesch ugewise ginn, da klickt hei <a href=\"https:\/\/forms.office.com\/Pages\/ResponsePage.aspx?id=xQ4KNpTw8UWjGcbcNWAnBCyJAZDbVI9IsaKIvXE4Ij9UNlBOSDFSV1pZMjI5VDBHS1lSUllIWUZEMC4u\" target=\"_blank\" rel=\"noopener noreferrer\">op de Link<\/a>.<\/p>\t\t\t\t\t\t\t\t<\/div>\n\t\t\t\t<\/div>\n\t\t\t\t\t<\/div>\n\t\t<\/div>\n\t\t\t\t<div class=\"elementor-column elementor-col-66 elementor-top-column elementor-element elementor-element-18dc0ac\" data-id=\"18dc0ac\" data-element_type=\"column\" data-e-type=\"column\">\n\t\t\t<div class=\"elementor-widget-wrap elementor-element-populated\">\n\t\t\t\t\t\t<div class=\"elementor-element elementor-element-9169a15 elementor-widget elementor-widget-image\" data-id=\"9169a15\" data-element_type=\"widget\" data-e-type=\"widget\" data-widget_type=\"image.default\">\n\t\t\t\t<div class=\"elementor-widget-container\">\n\t\t\t\t\t\t\t\t\t\t\t\t\t\t\t<img fetchpriority=\"high\" decoding=\"async\" width=\"750\" height=\"421\" src=\"https:\/\/www.ltett.lu\/wp-content\/uploads\/2021\/02\/ami-frend-ancien-1024x575.png\" class=\"attachment-large size-large wp-image-3832\" alt=\"\" srcset=\"https:\/\/www.ltett.lu\/wp-content\/uploads\/2021\/02\/ami-frend-ancien-1024x575.png 1024w, https:\/\/www.ltett.lu\/wp-content\/uploads\/2021\/02\/ami-frend-ancien-300x168.png 300w, https:\/\/www.ltett.lu\/wp-content\/uploads\/2021\/02\/ami-frend-ancien-768x431.png 768w, https:\/\/www.ltett.lu\/wp-content\/uploads\/2021\/02\/ami-frend-ancien-830x466.png 830w, https:\/\/www.ltett.lu\/wp-content\/uploads\/2021\/02\/ami-frend-ancien-230x129.png 230w, https:\/\/www.ltett.lu\/wp-content\/uploads\/2021\/02\/ami-frend-ancien-350x196.png 350w, https:\/\/www.ltett.lu\/wp-content\/uploads\/2021\/02\/ami-frend-ancien-480x269.png 480w, https:\/\/www.ltett.lu\/wp-content\/uploads\/2021\/02\/ami-frend-ancien.png 1290w\" sizes=\"(max-width: 750px) 100vw, 750px\" \/>\t\t\t\t\t\t\t\t\t\t\t\t\t\t\t<\/div>\n\t\t\t\t<\/div>\n\t\t\t\t\t<\/div>\n\t\t<\/div>\n\t\t\t\t\t<\/div>\n\t\t<\/section>\n\t\t\t\t<section class=\"elementor-section elementor-top-section elementor-element elementor-element-1684f635 elementor-section-boxed elementor-section-height-default elementor-section-height-default\" data-id=\"1684f635\" data-element_type=\"section\" data-e-type=\"section\">\n\t\t\t\t\t\t<div class=\"elementor-container elementor-column-gap-default\">\n\t\t\t\t\t<div class=\"elementor-column elementor-col-100 elementor-top-column elementor-element elementor-element-5d918f2e\" data-id=\"5d918f2e\" data-element_type=\"column\" data-e-type=\"column\">\n\t\t\t<div class=\"elementor-widget-wrap elementor-element-populated\">\n\t\t\t\t\t\t<div class=\"elementor-element elementor-element-2ced89b elementor-widget elementor-widget-html\" data-id=\"2ced89b\" data-element_type=\"widget\" data-e-type=\"widget\" data-widget_type=\"html.default\">\n\t\t\t\t<div class=\"elementor-widget-container\">\n\t\t\t\t\t<iframe style=\"border: none; max-width: 100%; max-height: 100vh;\" src=\"https:\/\/forms.office.com\/Pages\/ResponsePage.aspx?id=xQ4KNpTw8UWjGcbcNWAnBCyJAZDbVI9IsaKIvXE4Ij9UNlBOSDFSV1pZMjI5VDBHS1lSUllIWUZEMC4u&amp;embed=true\" width=\"1200px\" height=\"800px\" frameborder=\"0\" marginwidth=\"0\" marginheight=\"0\" allowfullscreen=\"allowfullscreen\"> <\/iframe>\t\t\t\t<\/div>\n\t\t\t\t<\/div>\n\t\t\t\t\t<\/div>\n\t\t<\/div>\n\t\t\t\t\t<\/div>\n\t\t<\/section>\n\t\t\t\t<\/div>\n\t\t","protected":false},"excerpt":{"rendered":"<p>Ancien an\/oder Fr\u00ebnd vum LTEtt 50 Joer Infrastrukturen an der Salentiny-Avenue &#8211; 50 Joer CEMPE &#8211; 40 Joer Ettelbr\u00e9cker Lyc\u00e9e Technique. Dat war am Joer 2019\/2020 e grousse Moment, deen sollt gefeiert ginn. Den Optakt war eng grouss S\u00e9ance acad\u00e9mique an duerno koum de Lock-Down. Mee mir vergiessen Iech alleguer [&hellip;]<\/p>\n","protected":false},"author":8,"featured_media":0,"parent":0,"menu_order":0,"comment_status":"closed","ping_status":"closed","template":"elementor_header_footer","meta":{"footnotes":""},"class_list":["post-1221","page","type-page","status-publish","hentry"],"jetpack_sharing_enabled":true,"_links":{"self":[{"href":"https:\/\/www.ltett.lu\/wp-json\/wp\/v2\/pages\/1221","targetHints":{"allow":["GET"]}}],"collection":[{"href":"https:\/\/www.ltett.lu\/wp-json\/wp\/v2\/pages"}],"about":[{"href":"https:\/\/www.ltett.lu\/wp-json\/wp\/v2\/types\/page"}],"author":[{"embeddable":true,"href":"https:\/\/www.ltett.lu\/wp-json\/wp\/v2\/users\/8"}],"replies":[{"embeddable":true,"href":"https:\/\/www.ltett.lu\/wp-json\/wp\/v2\/comments?post=1221"}],"version-history":[{"count":12,"href":"https:\/\/www.ltett.lu\/wp-json\/wp\/v2\/pages\/1221\/revisions"}],"predecessor-version":[{"id":3845,"href":"https:\/\/www.ltett.lu\/wp-json\/wp\/v2\/pages\/1221\/revisions\/3845"}],"wp:attachment":[{"href":"https:\/\/www.ltett.lu\/wp-json\/wp\/v2\/media?parent=1221"}],"curies":[{"name":"wp","href":"https:\/\/api.w.org\/{rel}","templated":true}]}}